{"id":38,"date":"2022-07-14T13:05:42","date_gmt":"2022-07-14T13:05:42","guid":{"rendered":"https:\/\/www.polskyexpert.eu\/?page_id=38"},"modified":"2024-03-01T23:22:12","modified_gmt":"2024-03-01T22:22:12","slug":"kontakt","status":"publish","type":"page","link":"https:\/\/www.polskyexpert.eu\/cz\/kontakt\/","title":{"rendered":"Kontakt"},"content":{"rendered":"<style>\n@media screen and (max-width: 1024px) {\n    .row-left-radius > .kt-row-layout-inner::before {\n        border-radius: 30px;\n        left: 0;\n    }\n}\n\n@media screen and (max-width: 768px) {\n    .row-left-radius::after {\n        left: calc(var(--global-content-edge-padding) * (-2));\n        border-radius: 0;\n        background: transparent;\n    }\n\n    .kontakt-iconlist, .kontakt-iconlist a {\n        color: white;\n    }\n\n    .kt-row-column-wrap.kt-m-colapse-left-to-right {\n        flex-direction: column-reverse;\n    }\n\n    .row-left-radius .wp-block-kadence-column {\n        align-items: start;\n    }\n\n    .entry-content-wrap > .entry-content {\n        width: min(420px, 100%);\n        margin: auto;\n    }\n}\n<\/style>\n\n\n<style>.kb-row-layout-id38_e33976-4f > .kt-row-column-wrap{align-content:start;}:where(.kb-row-layout-id38_e33976-4f > .kt-row-column-wrap) > .wp-block-kadence-column{justify-content:start;}.kb-row-layout-id38_e33976-4f > .kt-row-column-wrap{column-gap:var(--global-kb-gap-md, 2rem);row-gap:var(--global-kb-gap-md, 2rem);max-width:var( --global-content-width, 1290px );padding-left:var(--global-content-edge-padding);padding-right:var(--global-content-edge-padding);padding-top:60px;padding-bottom:25px;grid-template-columns:minmax(0, 1fr);}.kb-row-layout-id38_e33976-4f > .kt-row-layout-overlay{opacity:0.30;}@media all and (max-width: 1024px){.kb-row-layout-id38_e33976-4f > .kt-row-column-wrap{grid-template-columns:minmax(0, 1fr);}}@media all and (max-width: 767px){.kb-row-layout-id38_e33976-4f > .kt-row-column-wrap{padding-right:0px;padding-left:0px;grid-template-columns:minmax(0, 1fr);}}<\/style><div class=\"kb-row-layout-wrap kb-row-layout-id38_e33976-4f alignnone wp-block-kadence-rowlayout\"><div class=\"kt-row-column-wrap kt-has-1-columns kt-row-layout-equal kt-tab-layout-inherit kt-mobile-layout-row kt-row-valign-top kb-theme-content-width\">\n<style>.kadence-column38_57c87d-53 > .kt-inside-inner-col,.kadence-column38_57c87d-53 > .kt-inside-inner-col:before{border-top-left-radius:0px;border-top-right-radius:0px;border-bottom-right-radius:0px;border-bottom-left-radius:0px;}.kadence-column38_57c87d-53 > .kt-inside-inner-col{column-gap:var(--global-kb-gap-sm, 1rem);}.kadence-column38_57c87d-53 > .kt-inside-inner-col{flex-direction:column;}.kadence-column38_57c87d-53 > .kt-inside-inner-col > .aligncenter{width:100%;}.kadence-column38_57c87d-53 > .kt-inside-inner-col:before{opacity:0.3;}.kadence-column38_57c87d-53{position:relative;}@media all and (max-width: 1024px){.kadence-column38_57c87d-53 > .kt-inside-inner-col{flex-direction:column;justify-content:center;}}@media all and (max-width: 767px){.kadence-column38_57c87d-53 > .kt-inside-inner-col{flex-direction:column;justify-content:center;}}<\/style>\n<div class=\"wp-block-kadence-column kadence-column38_57c87d-53 inner-column-1\"><div class=\"kt-inside-inner-col\">\n<h1 class=\"wp-block-heading\">Kontaktujte m\u011b<\/h1>\n<\/div><\/div>\n\n<\/div><\/div>\n\n<style>.kb-row-layout-id38_b25572-13 > .kt-row-column-wrap{align-content:start;}:where(.kb-row-layout-id38_b25572-13 > .kt-row-column-wrap) > .wp-block-kadence-column{justify-content:start;}.kb-row-layout-id38_b25572-13 > .kt-row-column-wrap{column-gap:var(--global-kb-gap-md, 2rem);row-gap:var(--global-kb-gap-md, 2rem);max-width:var( --global-content-width, 1290px );padding-left:var(--global-content-edge-padding);padding-right:var(--global-content-edge-padding);padding-top:25px;padding-bottom:80px;grid-template-columns:minmax(0, calc(45% - ((var(--global-kb-gap-md, 2rem) * 1 )\/2)))minmax(0, calc(55% - ((var(--global-kb-gap-md, 2rem) * 1 )\/2)));}.kb-row-layout-id38_b25572-13 > .kt-row-layout-overlay{opacity:0.30;}@media all and (max-width: 1024px){.kb-row-layout-id38_b25572-13 > .kt-row-column-wrap{grid-template-columns:minmax(0, 1fr);}}@media all and (max-width: 767px){.kb-row-layout-id38_b25572-13 > .kt-row-column-wrap{padding-right:0px;padding-bottom:30px;padding-left:0px;grid-template-columns:minmax(0, 1fr);}}<\/style><div class=\"kb-row-layout-wrap kb-row-layout-id38_b25572-13 alignnone wp-block-kadence-rowlayout\"><div class=\"kt-row-column-wrap kt-has-2-columns kt-row-layout-equal kt-tab-layout-row kt-mobile-layout-row kt-row-valign-top kb-theme-content-width\">\n<style>.kadence-column38_094ee5-8d > .kt-inside-inner-col{padding-top:0px;padding-right:0px;padding-bottom:0px;padding-left:0px;}.kadence-column38_094ee5-8d > .kt-inside-inner-col,.kadence-column38_094ee5-8d > .kt-inside-inner-col:before{border-top-left-radius:0px;border-top-right-radius:0px;border-bottom-right-radius:0px;}.kadence-column38_094ee5-8d > .kt-inside-inner-col{column-gap:var(--global-kb-gap-sm, 1rem);}.kadence-column38_094ee5-8d > .kt-inside-inner-col{flex-direction:column;}.kadence-column38_094ee5-8d > .kt-inside-inner-col > .aligncenter{width:100%;}.kadence-column38_094ee5-8d > .kt-inside-inner-col:before{opacity:0.3;}.kadence-column38_094ee5-8d{position:relative;}@media all and (max-width: 1024px){.kadence-column38_094ee5-8d > .kt-inside-inner-col{flex-direction:column;justify-content:center;}}@media all and (max-width: 767px){.kadence-column38_094ee5-8d > .kt-inside-inner-col{flex-direction:column;justify-content:center;}}<\/style>\n<div class=\"wp-block-kadence-column kadence-column38_094ee5-8d kb-section-dir-vertical kb-section-md-dir-vertical inner-column-1\"><div class=\"kt-inside-inner-col\">\n<div class=\"wp-block-group kontakt-form-group has-theme-palette-1-background-color has-background\"><div class=\"wp-block-group__inner-container is-layout-flow wp-block-group-is-layout-flow\"><div class=\"jet-fb-form-block\" data-is-block=\"jet-forms\/form-block\"><style id=\"jet-form-builder-2588-inline-css\"><\/style><form  class=\"jet-form-builder layout-column submit-type-reload\" action=\"https:\/\/www.polskyexpert.eu\/cz\/wp-json\/wp\/v2\/pages\/38\/?gqD5KO=e6ex3dp5QO&#038;method=reload\" method=\"POST\" data-form-id=\"2588\" data-layout=\"column\" enctype=\"multipart\/form-data\" novalidate=\"null\" ssr_validation_method=\"rest\" data-trp-original-action=\"https:\/\/www.polskyexpert.eu\/cz\/wp-json\/wp\/v2\/pages\/38\/?gqD5KO=e6ex3dp5QO&amp;method=reload\"><input type=\"hidden\" id=\"_wpnonce\" name=\"_wpnonce\" value=\"3d4e805d08\" \/><input type=\"hidden\" name=\"_wp_http_referer\" value=\"\/cz\/wp-json\/wp\/v2\/pages\/38\" \/>\r\n<input type=\"hidden\" name=\"_jfb_current_render_states[]\" value=\"DEFAULT.STATE\" data-jfb-sync \/><input type=\"hidden\" class=\"jet-form-builder__field hidden-field\" name=\"_jet_engine_booking_form_id\" data-field-name=\"_jet_engine_booking_form_id\" value=\"2588\">\n<input type=\"hidden\" class=\"jet-form-builder__field hidden-field\" name=\"_jet_engine_refer\" data-field-name=\"_jet_engine_refer\" value=\"https:\/\/www.polskyexpert.eu\/cz\/wp-json\/wp\/v2\/pages\/38\/\">\n<input type=\"hidden\" class=\"jet-form-builder__field hidden-field\" name=\"__queried_post_id\" data-field-name=\"__queried_post_id\" value=\"38\">\n<div  class=\"jet-form-builder-row field-type-text-field\" >\n<div class=\"jet-form-builder__field-wrap\">\n\t\t\t\t<input placeholder=\"Jm\u00e9no P\u0159\u00edjmen\u00ed\" required=\"required\" name=\"kontakt_meno\" id=\"kontakt_meno\" type=\"text\" data-field-name=\"kontakt_meno\" class=\"jet-form-builder__field text-field kontakt_meno\" data-jfb-sync=\"null\" autocomplete=\"off_y3ija5Yf\">\n\t\t\t\t\t<\/div>\n<\/div>\n\n<div  class=\"jet-form-builder-row field-type-text-field\" >\n<div class=\"jet-form-builder__field-wrap\">\n\t\t\t\t<input placeholder=\"E-mail\" required=\"required\" name=\"kontakt_email\" id=\"kontakt_email\" type=\"email\" data-field-name=\"kontakt_email\" class=\"jet-form-builder__field text-field kontakt_email\" data-jfb-sync=\"null\" autocomplete=\"off_zekH027V\">\n\t\t\t\t\t<\/div>\n<\/div>\n\n<div  class=\"jet-form-builder-row field-type-text-field\" >\n<div class=\"jet-form-builder__field-wrap\">\n\t\t\t\t<input placeholder=\"Telefon\" required=\"required\" name=\"kontakt_telefon\" id=\"kontakt_telefon\" type=\"tel\" data-field-name=\"kontakt_telefon\" class=\"jet-form-builder__field text-field kontakt_telefon\" data-jfb-sync=\"null\" autocomplete=\"off_PxgoLmuh\">\n\t\t\t\t\t<\/div>\n<\/div>\n\n<div  class=\"jet-form-builder-row field-type-textarea-field\" >\n<div class=\"jet-form-builder__field-wrap\">\n\t\t<textarea class=\"jet-form-builder__field textarea-field kontakt_sprava\" placeholder=\"Pozn\u00e1mka\" required=\"required\" name=\"kontakt_sprava\" data-field-name=\"kontakt_sprava\" id=\"kontakt_sprava\" data-jfb-sync=\"null\"><\/textarea>\n\t<\/div>\n<\/div>\n\n<div  class=\"jet-form-builder-row field-type-checkbox-field\" >\n<div class=\"jet-form-builder__fields-group checkradio-wrap\" data-jfb-sync><div class=\"jet-form-builder__field-wrap checkboxes-wrap checkradio-wrap\"><label class=\"jet-form-builder__field-label for-checkbox\">\n\t\t\t<input type=\"checkbox\" name=\"Kontakt_GDPR\" value=\"S\u00fahlas\u00edm so spracovan\u00edm osobn\u00fdch \u00fadajov\" data-field-name=\"Kontakt_GDPR\"  class=\"jet-form-builder__field checkboxes-field checkradio-field\" required=\"required\"><span>Souhlas\u00edm se zpracov\u00e1n\u00edm osobn\u00edch \u00fadaj\u016f (<a href=\"\/cz\/gdpr\/\" target=\"_blank\">p\u0159e\u010dt\u011bte si GDPR<\/a>)<\/span><\/label><\/div><\/div>\n<\/div>\n\n<input type=\"hidden\" class=\"captcha-token\" name=\"_captcha_token\" value=\"\"\/><div  class=\"jet-form-builder-row field-type-submit-field\" >\n\t<div data-type=\"submit\" class=\"jet-form-builder__action-button-wrapper jet-form-builder__submit-wrap\">\n\t<button class=\"jet-form-builder__action-button kontakt_submit jet-form-builder__submit submit-type-reload\" type=\"submit\">Odeslat<\/button>\n\t<\/div>\n\t\n<\/div>\t<div class=\"jet-form-builder-messages-wrap\" data-form-id=\"2588\"><\/div>\n<input type=\"hidden\" name=\"trp-form-language\" value=\"cz\"\/><\/form>\n<\/div>\n<\/div><\/div>\n<\/div><\/div>\n\n\n<style>.kadence-column38_d12448-65 > .kt-inside-inner-col{display:flex;}.kadence-column38_d12448-65 > .kt-inside-inner-col,.kadence-column38_d12448-65 > .kt-inside-inner-col:before{border-top-left-radius:0px;border-top-right-radius:0px;border-bottom-right-radius:0px;border-bottom-left-radius:0px;}.kadence-column38_d12448-65 > .kt-inside-inner-col{column-gap:var(--global-kb-gap-sm, 1rem);}.kadence-column38_d12448-65 > .kt-inside-inner-col{flex-direction:column;justify-content:center;}.kadence-column38_d12448-65 > .kt-inside-inner-col > .aligncenter{width:100%;}.kt-row-column-wrap > .kadence-column38_d12448-65{align-self:center;}.kt-inner-column-height-full:not(.kt-has-1-columns) > .wp-block-kadence-column.kadence-column38_d12448-65{align-self:auto;}.kt-inner-column-height-full:not(.kt-has-1-columns) > .wp-block-kadence-column.kadence-column38_d12448-65 > .kt-inside-inner-col{flex-direction:column;justify-content:center;}.kadence-column38_d12448-65 > .kt-inside-inner-col:before{opacity:0.3;}.kadence-column38_d12448-65, .kadence-column38_d12448-65 h1, .kadence-column38_d12448-65 h2, .kadence-column38_d12448-65 h3, .kadence-column38_d12448-65 h4, .kadence-column38_d12448-65 h5, .kadence-column38_d12448-65 h6{color:#000000;}.kadence-column38_d12448-65 a{color:#000000;}.kadence-column38_d12448-65{position:relative;}@media all and (max-width: 1024px){.kt-row-column-wrap > .kadence-column38_d12448-65{align-self:center;}}@media all and (max-width: 1024px){.kt-inner-column-height-full:not(.kt-has-1-columns) > .wp-block-kadence-column.kadence-column38_d12448-65{align-self:auto;}}@media all and (max-width: 1024px){.kt-inner-column-height-full:not(.kt-has-1-columns) > .wp-block-kadence-column.kadence-column38_d12448-65 > .kt-inside-inner-col{align-items:center;}}@media all and (max-width: 1024px){.kadence-column38_d12448-65 > .kt-inside-inner-col{justify-content:inherit;flex-direction:row;flex-wrap:wrap;align-items:center;}}@media all and (max-width: 1024px){.kadence-column38_d12448-65 > .kt-inside-inner-col > .aligncenter{width:auto;}}@media all and (min-width: 768px) and (max-width: 1024px){.kadence-column38_d12448-65 > .kt-inside-inner-col > *, .kadence-column38_d12448-65 > .kt-inside-inner-col > figure.wp-block-image, .kadence-column38_d12448-65 > .kt-inside-inner-col > figure.wp-block-kadence-image{margin-top:0px;margin-bottom:0px;}.kadence-column38_d12448-65 > .kt-inside-inner-col > .kb-image-is-ratio-size{flex-grow:1;}}@media all and (max-width: 767px){.kadence-column38_d12448-65 > .kt-inside-inner-col,.kadence-column38_d12448-65 > .kt-inside-inner-col:before{border-top-left-radius:60px;border-bottom-left-radius:60px;}.kt-row-column-wrap > .kadence-column38_d12448-65{align-self:center;}.kt-inner-column-height-full:not(.kt-has-1-columns) > .wp-block-kadence-column.kadence-column38_d12448-65{align-self:auto;}.kt-inner-column-height-full:not(.kt-has-1-columns) > .wp-block-kadence-column.kadence-column38_d12448-65 > .kt-inside-inner-col{align-items:center;}.kadence-column38_d12448-65 > .kt-inside-inner-col{flex-direction:row;flex-wrap:wrap;justify-content:flex-start;justify-content:flex-start;}.kadence-column38_d12448-65 > .kt-inside-inner-col > *, .kadence-column38_d12448-65 > .kt-inside-inner-col > figure.wp-block-image, .kadence-column38_d12448-65 > .kt-inside-inner-col > figure.wp-block-kadence-image{margin-top:0px;margin-bottom:0px;}.kadence-column38_d12448-65 > .kt-inside-inner-col > .kb-image-is-ratio-size{flex-grow:1;}}<\/style>\n<div class=\"wp-block-kadence-column kadence-column38_d12448-65 kb-section-dir-vertical kb-section-md-dir-horizontal inner-column-2 kontakt_mob_sekcia_border\"><div class=\"kt-inside-inner-col\"><style>.kb-row-layout-id38_7501a1-56 > .kt-row-column-wrap{align-content:start;}:where(.kb-row-layout-id38_7501a1-56 > .kt-row-column-wrap) > .wp-block-kadence-column{justify-content:start;}.kb-row-layout-id38_7501a1-56 > .kt-row-column-wrap{column-gap:var(--global-kb-gap-md, 2rem);row-gap:var(--global-kb-gap-md, 2rem);max-width:1600px;margin-left:auto;margin-right:auto;padding-top:60px;padding-bottom:60px;padding-left:150px;grid-template-columns:minmax(0, 1fr);}.kb-row-layout-id38_7501a1-56 > .kt-row-layout-overlay{opacity:0.30;}@media all and (max-width: 1024px){.kb-row-layout-id38_7501a1-56 > .kt-row-column-wrap{padding-left:0px;grid-template-columns:minmax(0, 1fr);}}@media all and (max-width: 767px){.kb-row-layout-id38_7501a1-56 > .kt-row-column-wrap{padding-top:0px;padding-bottom:0px;grid-template-columns:minmax(0, 1fr);}.kb-row-layout-id38_7501a1-56{border-top-left-radius:60px;border-bottom-left-radius:60px;}}<\/style><div class=\"kb-row-layout-wrap kb-row-layout-id38_7501a1-56 alignwide row-left-radius margin-0 wp-block-kadence-rowlayout\"><div class=\"kt-row-column-wrap kt-has-1-columns kt-row-layout-equal kt-tab-layout-inherit kt-mobile-layout-row kt-row-valign-top\">\n<style>.kadence-column38_afcb15-f9 > .kt-inside-inner-col{padding-top:0px;padding-right:0px;padding-bottom:0px;padding-left:0px;}.kadence-column38_afcb15-f9 > .kt-inside-inner-col,.kadence-column38_afcb15-f9 > .kt-inside-inner-col:before{border-top-left-radius:0px;border-top-right-radius:0px;border-bottom-right-radius:0px;border-bottom-left-radius:0px;}.kadence-column38_afcb15-f9 > .kt-inside-inner-col{column-gap:var(--global-kb-gap-sm, 1rem);}.kadence-column38_afcb15-f9 > .kt-inside-inner-col{flex-direction:column;}.kadence-column38_afcb15-f9 > .kt-inside-inner-col > .aligncenter{width:100%;}.kadence-column38_afcb15-f9 > .kt-inside-inner-col:before{opacity:0.3;}.kadence-column38_afcb15-f9{position:relative;}.kadence-column38_afcb15-f9, .kt-inside-inner-col > .kadence-column38_afcb15-f9:not(.specificity){margin-top:0px;margin-right:0px;margin-bottom:0px;margin-left:0px;}@media all and (max-width: 1024px){.kadence-column38_afcb15-f9 > .kt-inside-inner-col{display:flex;flex-direction:row;flex-wrap:wrap;align-items:center;justify-content:flex-start;}}@media all and (max-width: 1024px){.kadence-column38_afcb15-f9{text-align:left;}}@media all and (min-width: 768px) and (max-width: 1024px){.kadence-column38_afcb15-f9 > .kt-inside-inner-col > *, .kadence-column38_afcb15-f9 > .kt-inside-inner-col > figure.wp-block-image, .kadence-column38_afcb15-f9 > .kt-inside-inner-col > figure.wp-block-kadence-image{margin-top:0px;margin-bottom:0px;}.kadence-column38_afcb15-f9 > .kt-inside-inner-col > .kb-image-is-ratio-size{flex-grow:1;}}@media all and (max-width: 767px){.kadence-column38_afcb15-f9 > .kt-inside-inner-col{flex-direction:column;justify-content:center;align-items:stretch;flex-wrap:nowrap;}.wp-block-kadence-column.kb-section-dir-horizontal.kadence-column38_afcb15-f9 > .kt-inside-inner-col > .wp-block-kadence-infobox{align-self:unset;}}<\/style>\n<div class=\"wp-block-kadence-column kadence-column38_afcb15-f9 kb-section-dir-vertical kb-section-md-dir-horizontal kb-section-sm-dir-vertical inner-column-1\"><div class=\"kt-inside-inner-col\"><style>.wp-block-kadence-iconlist.kt-svg-icon-list-items38_0eca9c-c8:not(.this-stops-third-party-issues){margin-top:0px;margin-bottom:0px;}.wp-block-kadence-iconlist.kt-svg-icon-list-items38_0eca9c-c8 ul.kt-svg-icon-list:not(.this-prevents-issues):not(.this-stops-third-party-issues):not(.tijsloc){margin-top:0px;margin-right:0px;margin-bottom:0px;margin-left:0px;}.wp-block-kadence-iconlist.kt-svg-icon-list-items38_0eca9c-c8 ul.kt-svg-icon-list{grid-row-gap:30px;}.wp-block-kadence-iconlist.kt-svg-icon-list-items38_0eca9c-c8 ul.kt-svg-icon-list .kt-svg-icon-list-item-wrap .kt-svg-icon-list-single{margin-right:10px;}<\/style>\n<div class=\"wp-block-kadence-iconlist kt-svg-icon-list-items kt-svg-icon-list-items38_0eca9c-c8 kt-svg-icon-list-columns-1 alignnone kt-list-icon-aligntop kontakt-iconlist\"><ul class=\"kt-svg-icon-list\"><style>.kt-svg-icon-list-item-38_57bb3a-eb .kt-svg-icon-list-single{font-size:20px !important;}.kt-svg-icon-list-item-38_57bb3a-eb .kt-svg-icon-list-text mark.kt-highlight{background-color:unset;font-style:normal;color:#f76a0c;-webkit-box-decoration-break:clone;box-decoration-break:clone;padding-top:0px;padding-right:0px;padding-bottom:0px;padding-left:0px;}<\/style>\n<li class=\"wp-block-kadence-listitem kt-svg-icon-list-item-wrap kt-svg-icon-list-item-38_57bb3a-eb kt-svg-icon-list-style-default\"><span class=\"kb-svg-icon-wrap kb-svg-icon-fe_phone kt-svg-icon-list-single\"><svg viewbox=\"0 0 24 24\"  fill=\"none\" stroke=\"currentColor\" stroke-width=\"2\" stroke-linecap=\"round\" stroke-linejoin=\"round\" xmlns=\"http:\/\/www.w3.org\/2000\/svg\"  aria-hidden=\"true\"><path d=\"M22 16.92v3a2 2 0 0 1-2.18 2 19.79 19.79 0 0 1-8.63-3.07 19.5 19.5 0 0 1-6-6 19.79 19.79 0 0 1-3.07-8.67A2 2 0 0 1 4.11 2h3a2 2 0 0 1 2 1.72 12.84 12.84 0 0 0 .7 2.81 2 2 0 0 1-.45 2.11L8.09 9.91a16 16 0 0 0 6 6l1.27-1.27a2 2 0 0 1 2.11-.45 12.84 12.84 0 0 0 2.81.7A2 2 0 0 1 22 16.92z\"\/><\/svg><\/span><span class=\"kt-svg-icon-list-text\"><a href=\"tel:+48536777447\">+48 536 777 447<br><\/a><a href=\"tel:+421948470137\">+421 948 470 137<\/a><\/span><\/li>\n\n\n<style>.kt-svg-icon-list-item-38_f027c4-de .kt-svg-icon-list-single{font-size:20px !important;}.kt-svg-icon-list-item-38_f027c4-de .kt-svg-icon-list-text mark.kt-highlight{background-color:unset;font-style:normal;color:#f76a0c;-webkit-box-decoration-break:clone;box-decoration-break:clone;padding-top:0px;padding-right:0px;padding-bottom:0px;padding-left:0px;}<\/style>\n<li class=\"wp-block-kadence-listitem kt-svg-icon-list-item-wrap kt-svg-icon-list-item-38_f027c4-de kt-svg-icon-list-style-default\"><span class=\"kb-svg-icon-wrap kb-svg-icon-fe_mail kt-svg-icon-list-single\"><svg viewbox=\"0 0 24 24\"  fill=\"none\" stroke=\"currentColor\" stroke-width=\"2\" stroke-linecap=\"round\" stroke-linejoin=\"round\" xmlns=\"http:\/\/www.w3.org\/2000\/svg\"  aria-hidden=\"true\"><path d=\"M4 4h16c1.1 0 2 .9 2 2v12c0 1.1-.9 2-2 2H4c-1.1 0-2-.9-2-2V6c0-1.1.9-2 2-2z\"\/><polyline points=\"22,6 12,13 2,6\"\/><\/svg><\/span><span class=\"kt-svg-icon-list-text\"><a href=\"mailto:info@polskyexpert.eu\" data-type=\"mailto\" data-id=\"mailto:info@polskyexpert.eu\">info@polskyexpert.eu<\/a><\/span><\/li>\n\n\n<style>.kt-svg-icon-list-item-38_a89300-73 .kt-svg-icon-list-single{font-size:20px !important;}.kt-svg-icon-list-item-38_a89300-73 .kt-svg-icon-list-text mark.kt-highlight{background-color:unset;font-style:normal;color:#f76a0c;-webkit-box-decoration-break:clone;box-decoration-break:clone;padding-top:0px;padding-right:0px;padding-bottom:0px;padding-left:0px;}<\/style>\n<li class=\"wp-block-kadence-listitem kt-svg-icon-list-item-wrap kt-svg-icon-list-item-38_a89300-73 kt-svg-icon-list-style-default\"><span class=\"kb-svg-icon-wrap kb-svg-icon-fe_mapPin kt-svg-icon-list-single\"><svg viewbox=\"0 0 24 24\"  fill=\"none\" stroke=\"currentColor\" stroke-width=\"2\" stroke-linecap=\"round\" stroke-linejoin=\"round\" xmlns=\"http:\/\/www.w3.org\/2000\/svg\"  aria-hidden=\"true\"><path d=\"M21 10c0 7-9 13-9 13s-9-6-9-13a9 9 0 0 1 18 0z\"\/><circle cx=\"12\" cy=\"10\" r=\"3\"\/><\/svg><\/span><span class=\"kt-svg-icon-list-text\"><a href=\"https:\/\/goo.gl\/maps\/snRB9cFibAsCerFf7\" target=\"_blank\" rel=\"noopener\">Polska 6<br>56-300<br>Milicz<\/a><\/span><\/li>\n\n\n<style>.kt-svg-icon-list-item-38_b51121-33 .kt-svg-icon-list-single{font-size:20px !important;}.kt-svg-icon-list-item-38_b51121-33 .kt-svg-icon-list-text mark.kt-highlight{background-color:unset;font-style:normal;color:#f76a0c;-webkit-box-decoration-break:clone;box-decoration-break:clone;padding-top:0px;padding-right:0px;padding-bottom:0px;padding-left:0px;}<\/style>\n<li class=\"wp-block-kadence-listitem kt-svg-icon-list-item-wrap kt-svg-icon-list-item-38_b51121-33 kt-svg-icon-list-style-default\"><span class=\"kb-svg-icon-wrap kb-svg-icon-fe_fileText kt-svg-icon-list-single\"><svg viewbox=\"0 0 24 24\"  fill=\"none\" stroke=\"currentColor\" stroke-width=\"2\" stroke-linecap=\"round\" stroke-linejoin=\"round\" xmlns=\"http:\/\/www.w3.org\/2000\/svg\"  aria-hidden=\"true\"><path d=\"M14 2H6a2 2 0 0 0-2 2v16a2 2 0 0 0 2 2h12a2 2 0 0 0 2-2V8z\"\/><polyline points=\"14 2 14 8 20 8\"\/><line x1=\"16\" y1=\"13\" x2=\"8\" y2=\"13\"\/><line x1=\"16\" y1=\"17\" x2=\"8\" y2=\"17\"\/><polyline points=\"10 9 9 9 8 9\"\/><\/svg><\/span><span class=\"kt-svg-icon-list-text\">ICKO: 0123456789<br>DIC: PL0123456789<\/span><\/li>\n<\/ul><\/div>\n<\/div><\/div>\n\n<\/div><\/div><\/div><\/div>\n\n<\/div><\/div>","protected":false},"excerpt":{"rendered":"<p>Kontaktujte m\u011b<\/p>","protected":false},"author":1,"featured_media":2138,"parent":0,"menu_order":0,"comment_status":"closed","ping_status":"closed","template":"","meta":{"_seopress_robots_primary_cat":"","_seopress_titles_title":"","_seopress_titles_desc":"V pr\u00edpade potreby oh\u013eadne pomoci pri podnikan\u00ed v Po\u013esku n\u00e1s nev\u00e1hajte kontaktova\u0165! Po\u013esk\u00fd expert - Martin Vlk","_seopress_robots_index":"","_kad_post_transparent":"","_kad_post_title":"","_kad_post_layout":"","_kad_post_sidebar_id":"","_kad_post_content_style":"","_kad_post_vertical_padding":"","_kad_post_feature":"","_kad_post_feature_position":"","_kad_post_header":false,"_kad_post_footer":false,"_kad_post_classname":"","footnotes":""},"class_list":["post-38","page","type-page","status-publish","has-post-thumbnail"],"_links":{"self":[{"href":"https:\/\/www.polskyexpert.eu\/cz\/wp-json\/wp\/v2\/pages\/38","targetHints":{"allow":["GET"]}}],"collection":[{"href":"https:\/\/www.polskyexpert.eu\/cz\/wp-json\/wp\/v2\/pages"}],"about":[{"href":"https:\/\/www.polskyexpert.eu\/cz\/wp-json\/wp\/v2\/types\/page"}],"author":[{"embeddable":true,"href":"https:\/\/www.polskyexpert.eu\/cz\/wp-json\/wp\/v2\/users\/1"}],"replies":[{"embeddable":true,"href":"https:\/\/www.polskyexpert.eu\/cz\/wp-json\/wp\/v2\/comments?post=38"}],"version-history":[{"count":0,"href":"https:\/\/www.polskyexpert.eu\/cz\/wp-json\/wp\/v2\/pages\/38\/revisions"}],"wp:featuredmedia":[{"embeddable":true,"href":"https:\/\/www.polskyexpert.eu\/cz\/wp-json\/wp\/v2\/media\/2138"}],"wp:attachment":[{"href":"https:\/\/www.polskyexpert.eu\/cz\/wp-json\/wp\/v2\/media?parent=38"}],"curies":[{"name":"wp","href":"https:\/\/api.w.org\/{rel}","templated":true}]}}